{"id":52,"date":"2017-07-22T23:51:54","date_gmt":"2017-07-22T23:51:54","guid":{"rendered":"http:\/\/localhost\/amantegui\/?page_id=52"},"modified":"2017-07-22T23:52:15","modified_gmt":"2017-07-22T23:52:15","slug":"links","status":"publish","type":"page","link":"https:\/\/clinicadentalamantegui.com\/eu\/links\/","title":{"rendered":"Loturak"},"content":{"rendered":"<p><\/p>\n<ul>\n<li><a class=\"category\" href=\"http:\/\/www.sepa.es\/\" target=\"_blank\" rel=\"nofollow\">Sociedad Espa\u00f1ola de Periodoncia (SEPA)<\/a><\/li>\n<li><a class=\"category\" href=\"http:\/\/www.coeg.eu\/\" target=\"_blank\" rel=\"nofollow\">Colegio Oficial de Estomat\u00f3logos de Guipuzkoa (COEG)<\/a><\/li>\n<li><a class=\"category\" href=\"http:\/\/www.sepes.org\/\" target=\"_blank\" rel=\"nofollow\">Sociedad Espa\u00f1ola de Pr\u00f3tesis Estomatol\u00f3gica (SEPES)<\/a><\/li>\n<li><a class=\"category\" href=\"http:\/\/www.ivoclarvivadent.com\/\" target=\"_blank\" rel=\"nofollow\">EMPRES<\/a><\/li>\n<li><a class=\"category\" href=\"http:\/\/www.donostident.com\/\" target=\"_blank\" rel=\"nofollow\">Donostident<\/a><\/li>\n<li><a class=\"category\" href=\"http:\/\/www.biomet3i.com\/\" target=\"_blank\" rel=\"nofollow\">Biomet3i<\/a><\/li>\n<li><a class=\"category\" href=\"http:\/\/www.consejodentistas.es\/\" target=\"_blank\" rel=\"nofollow\">Consejo de Dentistas<\/a><\/li>\n<li><a class=\"category\" href=\"http:\/\/www.nobelbiocare.com\" target=\"_blank\" rel=\"nofollow\">Nobel<\/a><\/li>\n<li><a class=\"category\" href=\"http:\/\/www.nobelbiocare.com\/en\/products-solutions\/nobelprocera-individualized-solutions\/\" target=\"_blank\" rel=\"nofollow\">Procera<\/a><\/li>\n<\/ul>\n<p>&nbsp;<\/p>","protected":false},"excerpt":{"rendered":"<p>Sociedad Espa\u00f1ola de Periodoncia (SEPA) Colegio Oficial de Estomat\u00f3logos de Guipuzkoa (COEG) Sociedad Espa\u00f1ola de Pr\u00f3tesis Estomatol\u00f3gica (SEPES) EMPRES Donostident Biomet3i Consejo de Dentistas Nobel Procera &nbsp;<\/p>\n","protected":false},"author":1,"featured_media":0,"parent":0,"menu_order":0,"comment_status":"closed","ping_status":"closed","template":"","meta":{"footnotes":""},"class_list":["post-52","page","type-page","status-publish","hentry"],"_links":{"self":[{"href":"https:\/\/clinicadentalamantegui.com\/eu\/wp-json\/wp\/v2\/pages\/52","targetHints":{"allow":["GET"]}}],"collection":[{"href":"https:\/\/clinicadentalamantegui.com\/eu\/wp-json\/wp\/v2\/pages"}],"about":[{"href":"https:\/\/clinicadentalamantegui.com\/eu\/wp-json\/wp\/v2\/types\/page"}],"author":[{"embeddable":true,"href":"https:\/\/clinicadentalamantegui.com\/eu\/wp-json\/wp\/v2\/users\/1"}],"replies":[{"embeddable":true,"href":"https:\/\/clinicadentalamantegui.com\/eu\/wp-json\/wp\/v2\/comments?post=52"}],"version-history":[{"count":2,"href":"https:\/\/clinicadentalamantegui.com\/eu\/wp-json\/wp\/v2\/pages\/52\/revisions"}],"predecessor-version":[{"id":54,"href":"https:\/\/clinicadentalamantegui.com\/eu\/wp-json\/wp\/v2\/pages\/52\/revisions\/54"}],"wp:attachment":[{"href":"https:\/\/clinicadentalamantegui.com\/eu\/wp-json\/wp\/v2\/media?parent=52"}],"curies":[{"name":"wp","href":"https:\/\/api.w.org\/{rel}","templated":true}]}}