{"id":33,"date":"2017-07-22T23:39:40","date_gmt":"2017-07-22T23:39:40","guid":{"rendered":"http:\/\/localhost\/amantegui\/?page_id=33"},"modified":"2026-03-25T12:38:57","modified_gmt":"2026-03-25T12:38:57","slug":"odontopediratria","status":"publish","type":"page","link":"https:\/\/clinicadentalamantegui.com\/eu\/tratamientos\/odontopediratria\/","title":{"rendered":"Pediatriako Odontologia"},"content":{"rendered":"<p>La primera dentici\u00f3n acaba de salir a los 2 a\u00f1os y a los 6 a\u00f1os erupciona la primera pieza definitiva, de manera que entre los 6 y los 12 a\u00f1os aproximadamente estamos con la dentici\u00f3n mixta, coexistiendo piezas temporales y definitivas. En estas edades debemos tratar ambos tipos de piezas, incidir mucho en la prevenci\u00f3n y vigilar el crecimiento del esqueleto facial para modificarlo en los casos en los que los dientes no se situen correctamente en la arcada. <\/p>\n<p>Uno de los puntos m\u00e1s importantes para permitir que nuestros ni\u00f1os tengan una buena salud oral en el futuro es la prevenci\u00f3n. Para ello, contamos con el programa PADI, del cual formamos parte, y que permite tratar de manera gratuita gran parte de los tratamientos que necesitan los ni\u00f1os de entre 7 y 15 a\u00f1os.<\/p>\n","protected":false},"excerpt":{"rendered":"<p>La primera dentici\u00f3n acaba de salir a los 2 a\u00f1os y a los 6 a\u00f1os erupciona la primera pieza definitiva, de manera que entre los 6 y los 12 a\u00f1os aproximadamente estamos con la dentici\u00f3n mixta, coexistiendo piezas temporales y definitivas. En estas edades debemos tratar ambos tipos de piezas, incidir mucho en la prevenci\u00f3n [&hellip;]<\/p>\n","protected":false},"author":1,"featured_media":243,"parent":15,"menu_order":0,"comment_status":"closed","ping_status":"closed","template":"","meta":{"footnotes":""},"class_list":["post-33","page","type-page","status-publish","has-post-thumbnail","hentry"],"_links":{"self":[{"href":"https:\/\/clinicadentalamantegui.com\/eu\/wp-json\/wp\/v2\/pages\/33","targetHints":{"allow":["GET"]}}],"collection":[{"href":"https:\/\/clinicadentalamantegui.com\/eu\/wp-json\/wp\/v2\/pages"}],"about":[{"href":"https:\/\/clinicadentalamantegui.com\/eu\/wp-json\/wp\/v2\/types\/page"}],"author":[{"embeddable":true,"href":"https:\/\/clinicadentalamantegui.com\/eu\/wp-json\/wp\/v2\/users\/1"}],"replies":[{"embeddable":true,"href":"https:\/\/clinicadentalamantegui.com\/eu\/wp-json\/wp\/v2\/comments?post=33"}],"version-history":[{"count":4,"href":"https:\/\/clinicadentalamantegui.com\/eu\/wp-json\/wp\/v2\/pages\/33\/revisions"}],"predecessor-version":[{"id":209,"href":"https:\/\/clinicadentalamantegui.com\/eu\/wp-json\/wp\/v2\/pages\/33\/revisions\/209"}],"up":[{"embeddable":true,"href":"https:\/\/clinicadentalamantegui.com\/eu\/wp-json\/wp\/v2\/pages\/15"}],"wp:featuredmedia":[{"embeddable":true,"href":"https:\/\/clinicadentalamantegui.com\/eu\/wp-json\/wp\/v2\/media\/243"}],"wp:attachment":[{"href":"https:\/\/clinicadentalamantegui.com\/eu\/wp-json\/wp\/v2\/media?parent=33"}],"curies":[{"name":"wp","href":"https:\/\/api.w.org\/{rel}","templated":true}]}}