{"id":25,"date":"2017-07-22T23:35:40","date_gmt":"2017-07-22T23:35:40","guid":{"rendered":"http:\/\/localhost\/amantegui\/?page_id=25"},"modified":"2026-03-25T12:39:47","modified_gmt":"2026-03-25T12:39:47","slug":"implantologia","status":"publish","type":"page","link":"https:\/\/clinicadentalamantegui.com\/eu\/tratamientos\/implantologia\/","title":{"rendered":"Inplantologia"},"content":{"rendered":"<p>Los implantes dentales son ra\u00edces artificiales de titanio con forma de tornillo sobre las cuales podemos anclar nuevos dientes, de manera individual, por grupos o toda la arcada a la vez.<\/p>\n<p>Se colocan mediante una sencilla intervenci\u00f3n quir\u00fargica con anestesia local, sin dolor y con unas m\u00ednimas molestias postoperatorias. Tienen un porcentaje de \u00e9xitos superior al 95% y una perspectiva de vida a largo plazo mayor de 10 a\u00f1os siempre que se tengan los cuidados higi\u00e9nicos apropiados y se hagan revisiones peri\u00f3dicas.<\/p>\n<p>Actualmente, si las condiciones del maxilar son ideales, podemos en la misma sesi\u00f3n extraer los dientes del paciente y colocar los implantes con una pr\u00f3tesis provisional atornillada. A esto le llamamos carga inmediata. M\u00e1s tarde colocaremos pr\u00f3tesis fija definitiva.<\/p>\n<p>Tambi\u00e9n podemos utilizar los implantes para sujetar las pr\u00f3tesis completas removibles, lo cual aportar\u00e1 gran comodidad a nuestro paciente. <\/p>\n","protected":false},"excerpt":{"rendered":"<p>Los implantes dentales son ra\u00edces artificiales de titanio con forma de tornillo sobre las cuales podemos anclar nuevos dientes, de manera individual, por grupos o toda la arcada a la vez. Se colocan mediante una sencilla intervenci\u00f3n quir\u00fargica con anestesia local, sin dolor y con unas m\u00ednimas molestias postoperatorias. Tienen un porcentaje de \u00e9xitos superior [&hellip;]<\/p>\n","protected":false},"author":1,"featured_media":245,"parent":15,"menu_order":0,"comment_status":"closed","ping_status":"closed","template":"","meta":{"footnotes":""},"class_list":["post-25","page","type-page","status-publish","has-post-thumbnail","hentry"],"_links":{"self":[{"href":"https:\/\/clinicadentalamantegui.com\/eu\/wp-json\/wp\/v2\/pages\/25","targetHints":{"allow":["GET"]}}],"collection":[{"href":"https:\/\/clinicadentalamantegui.com\/eu\/wp-json\/wp\/v2\/pages"}],"about":[{"href":"https:\/\/clinicadentalamantegui.com\/eu\/wp-json\/wp\/v2\/types\/page"}],"author":[{"embeddable":true,"href":"https:\/\/clinicadentalamantegui.com\/eu\/wp-json\/wp\/v2\/users\/1"}],"replies":[{"embeddable":true,"href":"https:\/\/clinicadentalamantegui.com\/eu\/wp-json\/wp\/v2\/comments?post=25"}],"version-history":[{"count":3,"href":"https:\/\/clinicadentalamantegui.com\/eu\/wp-json\/wp\/v2\/pages\/25\/revisions"}],"predecessor-version":[{"id":208,"href":"https:\/\/clinicadentalamantegui.com\/eu\/wp-json\/wp\/v2\/pages\/25\/revisions\/208"}],"up":[{"embeddable":true,"href":"https:\/\/clinicadentalamantegui.com\/eu\/wp-json\/wp\/v2\/pages\/15"}],"wp:featuredmedia":[{"embeddable":true,"href":"https:\/\/clinicadentalamantegui.com\/eu\/wp-json\/wp\/v2\/media\/245"}],"wp:attachment":[{"href":"https:\/\/clinicadentalamantegui.com\/eu\/wp-json\/wp\/v2\/media?parent=25"}],"curies":[{"name":"wp","href":"https:\/\/api.w.org\/{rel}","templated":true}]}}