{"id":20,"date":"2017-07-22T23:32:51","date_gmt":"2017-07-22T23:32:51","guid":{"rendered":"http:\/\/localhost\/amantegui\/?page_id=20"},"modified":"2026-03-25T12:40:16","modified_gmt":"2026-03-25T12:40:16","slug":"endodoncia","status":"publish","type":"page","link":"https:\/\/clinicadentalamantegui.com\/eu\/tratamientos\/endodoncia\/","title":{"rendered":"Endodontzia"},"content":{"rendered":"<p>Los dientes son estructuras vivas que contienen en su interior un tejido vivo al que llamamos pulpa dental que contiene vasos sangu\u00edneos y terminaciones nerviosas.<\/p>\n<p>En ocasiones es preciso eliminar ese tejido vivo, bien por estar da\u00f1ado como consecuencia de caries, fracturas,  desgastes, o bien de manera intencional antes de colocar pr\u00f3tesis fija dentosoportada . El procedimiento para desvitalizar una pieza dentaria se llama tratamiento de conductos y m\u00e1s com\u00fanmente endodoncia o desvitalizaci\u00f3n. Es una intervenci\u00f3n que se lleva a cabo con anestesia local, por lo que es indolora.<\/p>\n<p>El tratamiento consiste en la eliminaci\u00f3n de la pulpa dentaria y el posterior relleno de los conductos con un material al que llamamos gutapercha. Una vez realizada la endodoncia, la pieza debe ser reconstruida para poder volver a ser del todo funcional. <\/p>","protected":false},"excerpt":{"rendered":"<p>Los dientes son estructuras vivas que contienen en su interior un tejido vivo al que llamamos pulpa dental que contiene vasos sangu\u00edneos y terminaciones nerviosas. En ocasiones es preciso eliminar ese tejido vivo, bien por estar da\u00f1ado como consecuencia de caries, fracturas, desgastes, o bien de manera intencional antes de colocar pr\u00f3tesis fija dentosoportada . [&hellip;]<\/p>\n","protected":false},"author":1,"featured_media":246,"parent":15,"menu_order":0,"comment_status":"closed","ping_status":"closed","template":"","meta":{"footnotes":""},"class_list":["post-20","page","type-page","status-publish","has-post-thumbnail","hentry"],"_links":{"self":[{"href":"https:\/\/clinicadentalamantegui.com\/eu\/wp-json\/wp\/v2\/pages\/20","targetHints":{"allow":["GET"]}}],"collection":[{"href":"https:\/\/clinicadentalamantegui.com\/eu\/wp-json\/wp\/v2\/pages"}],"about":[{"href":"https:\/\/clinicadentalamantegui.com\/eu\/wp-json\/wp\/v2\/types\/page"}],"author":[{"embeddable":true,"href":"https:\/\/clinicadentalamantegui.com\/eu\/wp-json\/wp\/v2\/users\/1"}],"replies":[{"embeddable":true,"href":"https:\/\/clinicadentalamantegui.com\/eu\/wp-json\/wp\/v2\/comments?post=20"}],"version-history":[{"count":3,"href":"https:\/\/clinicadentalamantegui.com\/eu\/wp-json\/wp\/v2\/pages\/20\/revisions"}],"predecessor-version":[{"id":207,"href":"https:\/\/clinicadentalamantegui.com\/eu\/wp-json\/wp\/v2\/pages\/20\/revisions\/207"}],"up":[{"embeddable":true,"href":"https:\/\/clinicadentalamantegui.com\/eu\/wp-json\/wp\/v2\/pages\/15"}],"wp:featuredmedia":[{"embeddable":true,"href":"https:\/\/clinicadentalamantegui.com\/eu\/wp-json\/wp\/v2\/media\/246"}],"wp:attachment":[{"href":"https:\/\/clinicadentalamantegui.com\/eu\/wp-json\/wp\/v2\/media?parent=20"}],"curies":[{"name":"wp","href":"https:\/\/api.w.org\/{rel}","templated":true}]}}