{"id":168,"date":"2018-11-10T18:37:53","date_gmt":"2018-11-10T18:37:53","guid":{"rendered":"http:\/\/localhost\/amantegui\/?page_id=168"},"modified":"2020-09-21T16:06:31","modified_gmt":"2020-09-21T16:06:31","slug":"politica-de-cookies","status":"publish","type":"page","link":"https:\/\/clinicadentalamantegui.com\/eu\/politica-de-cookies\/","title":{"rendered":"Cookien politika"},"content":{"rendered":"<p><\/p>\n<div class=\"colcontenido\">\n<p>En esta web se utilizan cookies propias y de terceros para conseguir que tengas una mejor experiencia de navegaci\u00f3n, puedas compartir contenido en redes sociales y para obtener estad\u00edsticas de usuarios.<\/p>\n<p>Como usuario, la manera mas sencilla de evitar la descarga de cookies es bloqueando estas cookies mediante una configuraci\u00f3n apropiada de tu navegador, de esta manera evitar\u00e1s que las cookies se almacenen en tu disco duro.<\/p>\n<p>Esta web no utiliza ninguna informaci\u00f3n personal procedente de cookies, tan solo se utilizan para estad\u00edsticas generales de visitas o almacenamiento de preferencias del usuario, que ning\u00fan caso remiten a ninguna informaci\u00f3n de caracter personal.<\/p>\n<p><script type=\"text\/javascript\" charset=\"UTF-8\" data-cookiescriptreport=\"report\" src=\"\/\/report.cookie-script.com\/r\/bdb6ff905ba51b7d7222ab33405609fb.js\"><\/script><br \/>\n<!-- \nPor eso es importante que leas la presente pol\u00ed\u00adtica de cookies y comprendas que, si contin\u00faas navegando, consideramos que aceptas su uso.\n\nSeg\u00fan los t\u00e9rminos incluidos en el art\u00ed\u00adculo 22.2 de la Ley 34\/2002 de Servicios de la Sociedad de la Informaci\u00f3n y Comercio Electr\u00f3nico, si contin\u00faas navegando, estar\u00e1s prestando tu consentimiento para el empleo de los referidos mecanismos.\n\n\n<h3>\u00bfQu\u00e9 es una cookie?<\/h3>\n\n\nUna cookie es un fichero de texto inofensivo que se almacena en su navegador cuando visita casi cualquier p\u00e1gina web. La utilidad de la cookie es que la web sea capaz de recordar su visita cuando vuelva a navegar por esta p\u00e1gina. Aunque mucha gente no lo sabe, las cookies se llevan utilizando desde hace 20 a\u00f1os, cuando aparecieron los primeros navegadores para la World Wide Web.\n\n\n<h3>\u00bfQu\u00e9 informaci\u00f3n almacena una cookie?<\/h3>\n\n\nLas cookies no suelen almacenar informaci\u00f3n sensible sobre usted, como tarjetas de cr\u00e9dito o datos bancarios, fotograf\u00edas, u otra informaci\u00f3n personal. Los datos que guardan son de car\u00e1cter t\u00e9cnico, preferencias personales, personalizaci\u00f3n de contenidos, etc.\n\nEl servidor web no le asocia a usted como persona si no a su navegador web. De hecho, si usted navega habitualmente con Internet Explorer y prueba a navegar por la misma web con Firefox o Chrome ver\u00e1 que la web no se da cuenta que es usted la misma persona porque en realidad est\u00e1 asociando al navegador, no a la persona.\n\n\n<h3>\u00bfQu\u00e9 tipo de cookies existen?<\/h3>\n\n\n<strong>Cookies t\u00e9cnicas<\/strong>: Son las mas elementales y permiten, entre otras cosas, saber cuando est\u00e1 navegando un humano o una aplicaci\u00f3n automatizada, cuando navega un usuario an\u00f3nimo y uno registrado, tareas b\u00e1sicas para el funcionamiento de cualquier web din\u00e1mica.\n\n<strong>Cookies de an\u00e1lisis<\/strong>: Recogen informaci\u00f3n sobre el tipo de navegaci\u00f3n que est\u00e1 realizando, por ejemplo: las secciones que m\u00e1s visita, productos consultados, franja horaria de uso, idioma, etc.\n\n<strong>Cookies publicitarias<\/strong>: Muestran publicidad en funci\u00f3n de su navegaci\u00f3n, su pa\u00ed\u00ads de procedencia, idioma, etc.\n\n\n<h3>\u00bfQu\u00e9 son las cookies propias y las de terceros?<\/h3>\n\n\nLas cookies propias son las generadas por la p\u00e1gina que est\u00e1 visitando y las de terceros son las generadas por servicios o proveedores externos como Mailchimp, Mailrelay, Facebook, Twitter, Google, etc.\n\n\n<h3>\u00bfSe pueden eliminar las cookies?<\/h3>\n\n\nSi\u00ad. No s\u00f3lo eliminar, tambi\u00e9n las puede bloquear de forma general o particular para un dominio espec\u00edfico.\n\nPara eliminar las cookies de un sitio web debe ir a la configuraci\u00f3n de su navegador y all\u00e1 podr\u00e1 buscar las asociadas al dominio en cuesti\u00f3n para proceder a su eliminaci\u00f3n.\n\n<strong>Configuraci\u00f3n de cookies para los navegadores mas populares<\/strong>\n\nEl usuario podr\u00e1 -en cualquier momento- elegir qu\u00e9 cookies quiere que funcionen en este sitio web mediante la configuraci\u00f3n del navegador:\n\n\n<ul>\n \t\n\n<li><a href=\"http:\/\/support.google.com\/chrome\/bin\/answer.py?hl=es&amp;answer=95647\">Google Chrome<\/a><\/li>\n\n\n \t\n\n<li><a href=\"https:\/\/support.microsoft.com\/en-us\/help\/17442\/windows-internet-explorer-delete-manage-cookies#ie=ie-10\">Internet Explorer<\/a><\/li>\n\n\n \t\n\n<li><a href=\"https:\/\/support.mozilla.org\/es\/kb\/habilitar-y-deshabilitar-cookies-sitios-web-rastrear-preferencias?redirectlocale=es&amp;redirectslug=habilitar-y-deshabilitar-cookies-que-los-sitios-we\">Mozilla Firefox<\/a><\/li>\n\n\n \t\n\n<li><a href=\"https:\/\/support.apple.com\/es-es\/HT201265\">Apple Safari<\/a><\/li>\n\n\n<\/ul>\n\n\n\n\n<h3>\u00bfQu\u00e9 cookies utiliza esta web?<\/h3>\n\n\nEsta web utiliza cookies propias y de terceros. En este sitio web se utilizan las siguientes cookies que se detallan a continuaci\u00f3n:\n\n<strong>Cookies propias:<\/strong>\n\nEsta web utiliza cookies para el almacenamiento de preferencias del usuario, como pueden ser sus propiedades favoritas, idioma, etc.\n\n<strong>Cookies de terceros:<\/strong>\n\nEsta web utiliza servicios de an\u00e1lisis, concretamente Google Analytics para ayudar al website a analizar el uso que hacen los usuarios del sitio web y mejorar la usabilidad del mismo, pero en ning\u00fan caso se asocian a datos que pudieran llegar a identificar al usuario. Google Analytics, es un servicio prestado por Google, Inc., cuya oficina principal est\u00e1 en 1600 Amphitheatre Parkway, Mountain View (California), CA 94043, Estados Unidos. El usuario puede consultar <a href=\"https:\/\/www.google.es\/intl\/es\/policies\/technologies\/types\/\">aqu\u00ed\u00ad<\/a> el tipo de cookies utilizadas por Google. Respecto al tratamiento de datos recabados a trav\u00e9s de las cookies de anal\u00edticas como las de Google Analytcs, el Grupo de Trabajo del articulo 29 (Organo consultivo europeo en materia de protecci\u00f3n de datos) ha manifestado que, a pesar de que no est\u00e1n exentas del deber de obtener un consentimiento informado para su uso, es poco probable que representen un riesgo para la privacidad de los usuarios siempre que se trate de cookies de primera parte, que traten datos agregados con una finalidad estrictamente estad\u00ed\u00adstica, que se facilite informaci\u00f3n sobre su uso y se incluya la posibilidad de que los usuarios manifiesten su negativa a su utilizaci\u00f3n, algo que se aplica en esta web.\n\n<strong>Cookies de redes sociales<\/strong>\n\nLas cookies de redes sociales pueden almacenarse en su navegador mientras navega por este sitio web, por ejemplo cuando utiliza el bot\u00f3n de compartir contenidos en alguna red social.\n\nLas empresas que generan estas cookies correspondientes a las redes sociales que utiliza esta web tienen sus propias pol\u00ed\u00adticas de cookies:\n\n\n<ul>\n \t\n\n<li>Cookie de Twitter, seg\u00fan lo dispuesto en su <a href=\"https:\/\/twitter.com\/privacy\">pol\u00edtica de privacidad y uso de cookies.<\/a><\/li>\n\n\n \t\n\n<li>Cookie de Facebook, seg\u00fan lo dispuesto en su <a href=\"https:\/\/www.facebook.com\/help\/cookies?ref_type=sitefooter\">Pol\u00edtica de Cookies<\/a><\/li>\n\n\n \t\n\n<li>Cookie de Google+ y Google Maps, seg\u00fan lo dispuesto en su p\u00e1gina sobre qu\u00e9 <a href=\"http:\/\/www.google.com\/intl\/es\/policies\/technologies\/types\/\">tipo de cookies utilizan<\/a>.<\/li>\n\n\n<\/ul>\n\n\nEn cumplimiento de lo establecido en el art\u00ed\u00adculo 22.2 de la LSSI se detallan las cookies que pueden instalarse habitualmente durante la navegaci\u00f3n por este sitio web:\n\n\u2013 PHPSESSID: Esta cookie es usada por el lenguaje PHP para permitir que las variables de sesi\u00f3n sean guardadas en el servidor web. Esta cookies es esencial para el funcionamiento de la web. (Caduca al finalizar la sesi\u00f3n)\n\n\u2013  wordpress_test_cookie: Esta cookie se utiliza para que el gestor de contenidos WordPress compruebe si el navegador tiene las cookies activadas. (Caduca al finalizar la sesi\u00f3n del navegador)\n\n\u2013 cookieconsent_dismissed: Gestiona el consentimiento del usuario para el uso de las <em>cookies<\/em> en la p\u00e1gina web, con el objeto de recordar aquellos usuarios que las han aceptado y aquellos que no, de modo que a los primeros no se les muestre informaci\u00f3n al respecto.\n\n\u2013 qtrans_front_language: Se utiliza para saber el lenguaje en el que el usuario est\u00e1 navegando por el sitio web.\n\n\u2013 _ut, _utma, _utmb, _utmc, _utmz: Google Analytics: Permiten analizar el tr\u00e1fico de la web y obtener estad\u00edsticas de navegaci\u00f3n. <a href=\"http:\/\/www.google.com\/analytics\/\">M\u00e1s informaci\u00f3n.<\/a> (2 a\u00f1os)\n\n\n<h3>M\u00e1s informaci\u00f3n sobre las cookies<\/h3>\n\n\nPuedes consultar el reglamento sobre cookies publicado por la Agencia Espa\u00f1ola de Protecci\u00f3n de Datos en su <a href=\"https:\/\/www.agpd.es\/portalwebAGPD\/canaldocumentacion\/publicaciones\/common\/Guias\/Guia_Cookies.pdf\">Gu\u00eda sobre el uso de las cookies<\/a> y obtener m\u00e1s informaci\u00f3n sobre las cookies en Internet, <a href=\"http:\/\/www.aboutcookies.org\/\">http:\/\/www.aboutcookies.org\/<\/a>\n\nSi desea tener un mayor control sobre la instalaci\u00f3n de cookies, puede instalar programas o complementos a su navegador, conocidos como herramientas de Not Track, que le permitir\u00e1n escoger aquellas cookies que desea permitir.\n\n\n<h3>Advertencia importante sobre las cookies<\/h3>\n\n\nTeniendo en cuenta la forma en la que funciona Internet y los sitios web, no siempre contamos con informaci\u00f3n de las cookies que terceras partes puedan utilizar a trav\u00e9s de nuestro sitio web.\n\nEsto se aplica especialmente a casos en los que nuestra p\u00e1gina web contiene elementos integrados: es decir, textos, documentos, im\u00e1genes o breves clips de video que se almacenan en un servidor externo, pero se muestran en nuestro sitio web o a trav\u00e9s del mismo.\n--><\/p>\n<\/div>\n<p><\/p>","protected":false},"excerpt":{"rendered":"<p>En esta web se utilizan cookies propias y de terceros para conseguir que tengas una mejor experiencia de navegaci\u00f3n, puedas compartir contenido en redes sociales y para obtener estad\u00edsticas de usuarios. Como usuario, la manera mas sencilla de evitar la descarga de cookies es bloqueando estas cookies mediante una configuraci\u00f3n apropiada de tu navegador, de [&hellip;]<\/p>\n","protected":false},"author":1,"featured_media":0,"parent":0,"menu_order":0,"comment_status":"closed","ping_status":"closed","template":"","meta":{"footnotes":""},"class_list":["post-168","page","type-page","status-publish","hentry"],"_links":{"self":[{"href":"https:\/\/clinicadentalamantegui.com\/eu\/wp-json\/wp\/v2\/pages\/168","targetHints":{"allow":["GET"]}}],"collection":[{"href":"https:\/\/clinicadentalamantegui.com\/eu\/wp-json\/wp\/v2\/pages"}],"about":[{"href":"https:\/\/clinicadentalamantegui.com\/eu\/wp-json\/wp\/v2\/types\/page"}],"author":[{"embeddable":true,"href":"https:\/\/clinicadentalamantegui.com\/eu\/wp-json\/wp\/v2\/users\/1"}],"replies":[{"embeddable":true,"href":"https:\/\/clinicadentalamantegui.com\/eu\/wp-json\/wp\/v2\/comments?post=168"}],"version-history":[{"count":3,"href":"https:\/\/clinicadentalamantegui.com\/eu\/wp-json\/wp\/v2\/pages\/168\/revisions"}],"predecessor-version":[{"id":221,"href":"https:\/\/clinicadentalamantegui.com\/eu\/wp-json\/wp\/v2\/pages\/168\/revisions\/221"}],"wp:attachment":[{"href":"https:\/\/clinicadentalamantegui.com\/eu\/wp-json\/wp\/v2\/media?parent=168"}],"curies":[{"name":"wp","href":"https:\/\/api.w.org\/{rel}","templated":true}]}}